{"id":3972,"date":"2015-09-21T13:09:06","date_gmt":"2015-09-21T13:09:06","guid":{"rendered":"https:\/\/www.itdreamlan.nl\/de\/?page_id=3972"},"modified":"2025-04-14T16:16:55","modified_gmt":"2025-04-14T14:16:55","slug":"reservierung","status":"publish","type":"page","link":"https:\/\/www.itdreamlan.nl\/de\/reservierung\/","title":{"rendered":"reservierung"},"content":{"rendered":" <p> &nbsp; <\/p> \n <p> <script>\nvar dictionary = {\n'__persoon__': {\n   nl: 'Persoon',\n   gb: 'Person',\n   de: 'Person'\n},\n'__persoonscategorie__': {\n   nl: ' ',\n   gb: ' ',\n   de: ' '\n},\n'__accommodatie__': {\n   nl: 'Accommodatie of kampeerveld',\n   gb: 'Accommodation or campfield',\n   de: 'Unterkunft oder Campingfeld'\n},\n'__niet_beschikbaar__': {\n   nl: 'Beschikbaar (maar geen wisseldag)',\n   gb: 'Available (but no changeover day)',\n   de: 'Verf&uuml;gbar (aber kein An- und Abreisetag)'\n},\n'__aankomstdag__': {\n   nl: ' ',\n   gb: ' ',\n   de: ' '\n},\n'__vertrekdag__': {\n   nl: 'Vertrekdag (geen aankomst)',\n   gb: 'Departure day (no arrival)',\n   de: 'Tag der Abreise (kein Ankunft)'\n},\n'__verblijf_verplicht__': {\n   nl: 'Reisgezelschap, accommodatie of periode niet gevuld',\n   gb: 'Fellowship, accommodation or period not provided',\n   de: 'Reisegesellschaft, Unterkunft oder Periode nicht gegeben'\n},\n'__minimaal_dagen__': {\n   nl: 'Minimaal aantal nachten {0}',\n   gb: 'Minimal number of nights {0}',\n   de: 'Minimale Anzahl der N&auml;chte {0}'\n},\n'__minimaal_maximaal_dagen__': {\n   nl: 'Minimaal aantal nachten {0}, maximaal aantal nachten {1}',\n   gb: 'Minimal number of nights {0}, miximum number of nights {1}',\n   de: 'Minimale Anzahl der N&auml;chte {0}, maximale Anzahl der N&auml;chte {1}'\n},\n'__vorige__': {\n   nl: 'Vorige',\n   gb: 'Previous',\n   de: 'Vorige'\n},\n'__volgende__': {\n   nl: 'Volgende',\n   gb: 'Next',\n   de: 'Folgende'\n},\n'__Locatie en voorkeur__': {\n   nl: ' ',\n   gb: ' ',\n   de: ' '\n},\n'__overige__': {\n   nl: ' ',\n   gb: ' ',\n   de: ' '\n},\n'__verplichte_velden__': {\n   nl: 'Velden met een * zijn verplicht',\n   gb: 'Fields with an * are required',\n   de: 'Felder mit ein * sind erforderlich'\n},\n'__kenmerken_verplicht__': {\n   nl: 'Verplichte velden niet gevuld',\n   gb: 'Please select required fields',\n   de: 'Erforderlichen Felder nicht ausgef&uuml;llt'\n},\n'__persoonsgegevens_verplicht__': {\n   nl: 'Verplichte velden niet gevuld',\n   gb: 'Please select required fields',\n   de: 'Erforderlichen Felder nicht ausgef&uuml;llt'\n},\n'__algemene_voorwaarden_verplicht__': {\n   nl: 'Akkoord met de algemene voorwaarden niet aangeklikt',\n   gb: 'Please agree with the terms and conditions',\n   de: 'Bitte stimme den Allgemeinen Gesch\u00e4ftsbedingungen zu'\n},\n'__persoonsgegevens__': {\n   nl: ' ',\n   gb: ' ',\n   de: ' '\n},\n'__email__': {\n   nl: 'E-mail',\n   gb: 'E-mail',\n   de: 'E-mail'\n},\n'__overzicht__': {\n   nl: 'Overzicht',\n   gb: 'Overview',\n   de: '&Uuml;bersicht'\n},\n'__totaal_boeking__': {\n   nl: 'Totaal',\n   gb: 'Total',\n   de: 'Summe'\n},\n'__specificatie verblijf__': {\n   nl: 'Specificatie',\n   gb: 'Specification',\n   de: 'Spezifikation'\n},\n'__subtotaal__': {\n   nl: 'Totaal',\n   gb: 'Total',\n   de: 'Summe'\n},\n'__akkoord_algemene_voorwaarden__': {\n   nl: 'Ik ga akkoord met de algemene voorwaarden en privacyverklaring'\n},\n'__bevestig__': {\n   nl: 'Akkoord',\n   gb: 'Confirm',\n   de: 'Best&auml;tigung',\n},\n'__een_moment_geduld__': {\n   nl: 'Je reserveringsaanvraag wordt verzonden',\n   gb: 'Your reservationrequest is sent',\n   de: 'Ihre Reservierungsanfrage wird gesendet'\n}\n}\n<\/script> <\/p> \n<div id=\"TommyBookingSupport\"\ndata-widget=\"boeken\"\ndata-account=\"itdreamlan\"\ndata-apikey=\"467d64b1a0bc5243fb547b77386a61e4a72aa5ea225390c0f0f2f5f3f175a320\"\ndata-scroll=\"false\" \ndata-locatie-keuze=\"true\"\ndata-algemene-voorwaarden=\"https:\/\/www.itdreamlan.nl\/wp-content\/uploads\/2025\/04\/Algemene-voorwaarden-2025.pdf\"\ndata-url-success=\"https:\/\/www.itdreamlan.nl\/de\/vielen-dank\/\"\ndata-language=\"de\"\n><\/div>\n <p> <script src=\"https:\/\/api.tommybookingsupport.com\/widgets\/js\/widget.js\" type=\"application\/javascript\" language=\"javascript\"><\/script> <\/p> \n <p> &nbsp; <\/p> \n<div class=\"section-full-width section-dark-bg\" style=\"background-color:#e38690;\" id=\"section-1\"><div class=\"section-boxed\" style=\"color:#ffffff;\"><div class=\"su-row\"><div class=\"su-column su-column-size-1-1 su-column-centered\"><div class=\"su-column-inner su-u-clearfix su-u-trim\">\n  <p>  <a href=\"https:\/\/www.itdreamlan.nl\/wp-content\/uploads\/2020\/08\/Luchtfoto-camping-it-Dreaml\u00e2n-Lauwersmeer-Friesland-middel-1024x576.jpg\" target=\"_blank\" rel=\"noopener noreferrer\"><img decoding=\"async\" class=\"size-large aligncenter\" src=\"https:\/\/www.itdreamlan.nl\/wp-content\/uploads\/2020\/08\/Luchtfoto-camping-it-Dreaml\u00e2n-Lauwersmeer-Friesland-middel-1024x576.jpg\" alt=\"it Dreamlan lageplan natur camping campingplatz Lauwersmeer Wattenmeer Friesland Holland Niederlande\" \/><\/a>  <\/p>  \n<\/div><\/div><\/div>\n<\/div><\/div>\n <p> <img decoding=\"async\" class=\"aligncenter size-large\" src=\"https:\/\/www.itdreamlan.nl\/wp-content\/uploads\/2015\/05\/itdreamlan6-1024x356.png\" alt=\"it Dreamlan kinderfreundliche natur familiencamping campingplatz Lauwersmeer Wattenmeer Friesland Nederland Holland Niederlande\" \/> <\/p> \n","protected":false},"excerpt":{"rendered":" <p> &nbsp; &nbsp; <\/p> \n","protected":false},"author":1,"featured_media":0,"parent":0,"menu_order":0,"comment_status":"closed","ping_status":"closed","template":"template-full-custom.php","meta":{"footnotes":""},"class_list":["post-3972","page","type-page","status-publish","hentry"],"yoast_head":"<!-- This site is optimized with the Yoast SEO plugin v27.1.1 - https:\/\/yoast.com\/product\/yoast-seo-wordpress\/ -->\n<title>Reservierung \u00dcbernachtung in reinen Friesland - it Dreaml\u00e2n<\/title>\n<meta name=\"description\" content=\"Stellen Sie eine online Reservierung oder die Verf\u00fcgbarkeit von camping, Ferienh\u00e4user oder Glamping in der N\u00e4he Lauwersmeer und Wattenmeer Niederlande.\" \/>\n<meta name=\"robots\" content=\"index, follow, max-snippet:-1, max-image-preview:large, max-video-preview:-1\" \/>\n<link rel=\"canonical\" href=\"https:\/\/www.itdreamlan.nl\/de\/reservierung\/\" \/>\n<meta property=\"og:locale\" content=\"de_DE\" \/>\n<meta property=\"og:type\" content=\"article\" \/>\n<meta property=\"og:title\" content=\"Reservierung \u00dcbernachtung in reinen Friesland - it Dreaml\u00e2n\" \/>\n<meta property=\"og:description\" content=\"Stellen Sie eine online Reservierung oder die Verf\u00fcgbarkeit von camping, Ferienh\u00e4user oder Glamping in der N\u00e4he Lauwersmeer und Wattenmeer Niederlande.\" \/>\n<meta property=\"og:url\" content=\"https:\/\/www.itdreamlan.nl\/de\/reservierung\/\" \/>\n<meta property=\"og:site_name\" content=\"It Dreamlan\" \/>\n<meta property=\"article:publisher\" content=\"https:\/\/www.facebook.com\/itDreamlan\/\" \/>\n<meta property=\"article:modified_time\" content=\"2025-04-14T14:16:55+00:00\" \/>\n<meta property=\"og:image\" content=\"https:\/\/www.itdreamlan.nl\/wp-content\/uploads\/2015\/05\/itdreamlan6-1024x356.png\" \/>\n<meta name=\"twitter:label1\" content=\"Gesch\u00e4tzte Lesezeit\" \/>\n\t<meta name=\"twitter:data1\" content=\"1\u00a0Minute\" \/>\n<script type=\"application\/ld+json\" class=\"yoast-schema-graph\">{\"@context\":\"https:\/\/schema.org\",\"@graph\":[{\"@type\":\"WebPage\",\"@id\":\"https:\/\/www.itdreamlan.nl\/de\/reservierung\/\",\"url\":\"https:\/\/www.itdreamlan.nl\/de\/reservierung\/\",\"name\":\"Reservierung \u00dcbernachtung in reinen Friesland - it Dreaml\u00e2n\",\"isPartOf\":{\"@id\":\"https:\/\/www.itdreamlan.nl\/#website\"},\"primaryImageOfPage\":{\"@id\":\"https:\/\/www.itdreamlan.nl\/de\/reservierung\/#primaryimage\"},\"image\":{\"@id\":\"https:\/\/www.itdreamlan.nl\/de\/reservierung\/#primaryimage\"},\"thumbnailUrl\":\"https:\/\/www.itdreamlan.nl\/wp-content\/uploads\/2015\/05\/itdreamlan6-1024x356.png\",\"datePublished\":\"2015-09-21T13:09:06+00:00\",\"dateModified\":\"2025-04-14T14:16:55+00:00\",\"description\":\"Stellen Sie eine online Reservierung oder die Verf\u00fcgbarkeit von camping, Ferienh\u00e4user oder Glamping in der N\u00e4he Lauwersmeer und Wattenmeer Niederlande.\",\"breadcrumb\":{\"@id\":\"https:\/\/www.itdreamlan.nl\/de\/reservierung\/#breadcrumb\"},\"inLanguage\":\"de\",\"potentialAction\":[{\"@type\":\"ReadAction\",\"target\":[\"https:\/\/www.itdreamlan.nl\/de\/reservierung\/\"]}]},{\"@type\":\"ImageObject\",\"inLanguage\":\"de\",\"@id\":\"https:\/\/www.itdreamlan.nl\/de\/reservierung\/#primaryimage\",\"url\":\"https:\/\/www.itdreamlan.nl\/wp-content\/uploads\/2015\/05\/itdreamlan6-1024x356.png\",\"contentUrl\":\"https:\/\/www.itdreamlan.nl\/wp-content\/uploads\/2015\/05\/itdreamlan6-1024x356.png\"},{\"@type\":\"BreadcrumbList\",\"@id\":\"https:\/\/www.itdreamlan.nl\/de\/reservierung\/#breadcrumb\",\"itemListElement\":[{\"@type\":\"ListItem\",\"position\":1,\"name\":\"Home\",\"item\":\"https:\/\/vh2021fdxmk-0.hosting-space.nl\/de\/\"},{\"@type\":\"ListItem\",\"position\":2,\"name\":\"reservierung\"}]},{\"@type\":\"WebSite\",\"@id\":\"https:\/\/www.itdreamlan.nl\/#website\",\"url\":\"https:\/\/www.itdreamlan.nl\/\",\"name\":\"It Dreamlan\",\"description\":\"Overnachten in puur Friesland\",\"potentialAction\":[{\"@type\":\"SearchAction\",\"target\":{\"@type\":\"EntryPoint\",\"urlTemplate\":\"https:\/\/www.itdreamlan.nl\/?s={search_term_string}\"},\"query-input\":{\"@type\":\"PropertyValueSpecification\",\"valueRequired\":true,\"valueName\":\"search_term_string\"}}],\"inLanguage\":\"de\"}]}<\/script>\n<!-- \/ Yoast SEO plugin. -->","yoast_head_json":{"title":"Reservierung \u00dcbernachtung in reinen Friesland - it Dreaml\u00e2n","description":"Stellen Sie eine online Reservierung oder die Verf\u00fcgbarkeit von camping, Ferienh\u00e4user oder Glamping in der N\u00e4he Lauwersmeer und Wattenmeer Niederlande.","robots":{"index":"index","follow":"follow","max-snippet":"max-snippet:-1","max-image-preview":"max-image-preview:large","max-video-preview":"max-video-preview:-1"},"canonical":"https:\/\/www.itdreamlan.nl\/de\/reservierung\/","og_locale":"de_DE","og_type":"article","og_title":"Reservierung \u00dcbernachtung in reinen Friesland - it Dreaml\u00e2n","og_description":"Stellen Sie eine online Reservierung oder die Verf\u00fcgbarkeit von camping, Ferienh\u00e4user oder Glamping in der N\u00e4he Lauwersmeer und Wattenmeer Niederlande.","og_url":"https:\/\/www.itdreamlan.nl\/de\/reservierung\/","og_site_name":"It Dreamlan","article_publisher":"https:\/\/www.facebook.com\/itDreamlan\/","article_modified_time":"2025-04-14T14:16:55+00:00","og_image":[{"url":"https:\/\/www.itdreamlan.nl\/wp-content\/uploads\/2015\/05\/itdreamlan6-1024x356.png","type":"","width":"","height":""}],"twitter_misc":{"Gesch\u00e4tzte Lesezeit":"1\u00a0Minute"},"schema":{"@context":"https:\/\/schema.org","@graph":[{"@type":"WebPage","@id":"https:\/\/www.itdreamlan.nl\/de\/reservierung\/","url":"https:\/\/www.itdreamlan.nl\/de\/reservierung\/","name":"Reservierung \u00dcbernachtung in reinen Friesland - it Dreaml\u00e2n","isPartOf":{"@id":"https:\/\/www.itdreamlan.nl\/#website"},"primaryImageOfPage":{"@id":"https:\/\/www.itdreamlan.nl\/de\/reservierung\/#primaryimage"},"image":{"@id":"https:\/\/www.itdreamlan.nl\/de\/reservierung\/#primaryimage"},"thumbnailUrl":"https:\/\/www.itdreamlan.nl\/wp-content\/uploads\/2015\/05\/itdreamlan6-1024x356.png","datePublished":"2015-09-21T13:09:06+00:00","dateModified":"2025-04-14T14:16:55+00:00","description":"Stellen Sie eine online Reservierung oder die Verf\u00fcgbarkeit von camping, Ferienh\u00e4user oder Glamping in der N\u00e4he Lauwersmeer und Wattenmeer Niederlande.","breadcrumb":{"@id":"https:\/\/www.itdreamlan.nl\/de\/reservierung\/#breadcrumb"},"inLanguage":"de","potentialAction":[{"@type":"ReadAction","target":["https:\/\/www.itdreamlan.nl\/de\/reservierung\/"]}]},{"@type":"ImageObject","inLanguage":"de","@id":"https:\/\/www.itdreamlan.nl\/de\/reservierung\/#primaryimage","url":"https:\/\/www.itdreamlan.nl\/wp-content\/uploads\/2015\/05\/itdreamlan6-1024x356.png","contentUrl":"https:\/\/www.itdreamlan.nl\/wp-content\/uploads\/2015\/05\/itdreamlan6-1024x356.png"},{"@type":"BreadcrumbList","@id":"https:\/\/www.itdreamlan.nl\/de\/reservierung\/#breadcrumb","itemListElement":[{"@type":"ListItem","position":1,"name":"Home","item":"https:\/\/vh2021fdxmk-0.hosting-space.nl\/de\/"},{"@type":"ListItem","position":2,"name":"reservierung"}]},{"@type":"WebSite","@id":"https:\/\/www.itdreamlan.nl\/#website","url":"https:\/\/www.itdreamlan.nl\/","name":"It Dreamlan","description":"Overnachten in puur Friesland","potentialAction":[{"@type":"SearchAction","target":{"@type":"EntryPoint","urlTemplate":"https:\/\/www.itdreamlan.nl\/?s={search_term_string}"},"query-input":{"@type":"PropertyValueSpecification","valueRequired":true,"valueName":"search_term_string"}}],"inLanguage":"de"}]}},"_links":{"self":[{"href":"https:\/\/www.itdreamlan.nl\/de\/wp-json\/wp\/v2\/pages\/3972","targetHints":{"allow":["GET"]}}],"collection":[{"href":"https:\/\/www.itdreamlan.nl\/de\/wp-json\/wp\/v2\/pages"}],"about":[{"href":"https:\/\/www.itdreamlan.nl\/de\/wp-json\/wp\/v2\/types\/page"}],"author":[{"embeddable":true,"href":"https:\/\/www.itdreamlan.nl\/de\/wp-json\/wp\/v2\/users\/1"}],"replies":[{"embeddable":true,"href":"https:\/\/www.itdreamlan.nl\/de\/wp-json\/wp\/v2\/comments?post=3972"}],"version-history":[{"count":40,"href":"https:\/\/www.itdreamlan.nl\/de\/wp-json\/wp\/v2\/pages\/3972\/revisions"}],"predecessor-version":[{"id":13564,"href":"https:\/\/www.itdreamlan.nl\/de\/wp-json\/wp\/v2\/pages\/3972\/revisions\/13564"}],"wp:attachment":[{"href":"https:\/\/www.itdreamlan.nl\/de\/wp-json\/wp\/v2\/media?parent=3972"}],"curies":[{"name":"wp","href":"https:\/\/api.w.org\/{rel}","templated":true}]}}